{"id":24638,"date":"2018-05-21T14:52:33","date_gmt":"2018-05-21T12:52:33","guid":{"rendered":"https:\/\/leadmusic.com\/?page_id=24638"},"modified":"2019-07-06T15:30:13","modified_gmt":"2019-07-06T13:30:13","slug":"mentions-legales","status":"publish","type":"page","link":"https:\/\/leadmusic.com\/fr\/mentions-legales\/","title":{"rendered":"Mentions l\u00e9gales"},"content":{"rendered":"<h1>Mentions l\u00e9gales<\/h1>\n<h2>1. Propri\u00e9t\u00e9<\/h2>\n<p>Le site internet leadmusic.com est \u00e9dit\u00e9 par la soci\u00e9t\u00e9 LEADMUSIC SA &#8211; Rue Albert-Richard 2 \u2013 1201 Gen\u00e8ve \u2013 Suisse.<\/p>\n<p><span style=\"text-decoration: underline;\">Responsable de la publication<\/span><br \/>\nOlivier ULDRY<br \/>\nT\u00e9l.: +41 22 731 62 72<br \/>\nEmail:\u00a0<a href=\"mailto:infos@leadmusic.com\">infos@leadmusic.com<\/a><\/p>\n<p>&nbsp;<\/p>\n<h2>2. Protection de la vie priv\u00e9e \/ Gestion des cookies informatiques<\/h2>\n<p>Conform\u00e9ment \u00e0 la\u00a0r\u00e9glementation europ\u00e9enne sur la protection des donn\u00e9es (RGPD)\u00a0:<\/p>\n<ul class=\"space-between-items\">\n<li>le site internet leadmusic.com requiert votre accord avant toute collecte de donn\u00e9es \u00e0 caract\u00e8re personnel (nom, pr\u00e9nom, t\u00e9l\u00e9phone, email, adresse IP, position g\u00e9ographique, etc.).<\/li>\n<li>vous pouvez exercer votre droit de consultation, modification ou effacement des informations vous concernant en contactant le propri\u00e9taire du site, mentionn\u00e9 ci-dessus.<\/li>\n<\/ul>\n<p>Lors de votre premi\u00e8re visite sur ce site, un bandeau en bas de votre navigateur internet vous permet d\u2019autoriser ou refuser chaque service susceptible de d\u00e9poser des cookies informatiques et \/ ou de collecter des donn\u00e9es personnelles. En continuant votre navigation, vous acceptez l\u2019ensemble de ces services. Puis, vous pouvez \u00e0 tout moment modifier vos pr\u00e9f\u00e9rences en cliquant sur le bouton \u00ab\u00a0Cookies et vie priv\u00e9e \u00bb dans le coin inf\u00e9rieur droit de votre \u00e9cran. Vous pouvez \u00e9galement visualiser et supprimer chaque cookie d\u00e9pos\u00e9, en cliquant sur la valeur num\u00e9rique \u00e0 droite de ce bouton.<\/p>\n<p>Vos pr\u00e9f\u00e9rences concernant l\u2019activation ou la d\u00e9sactivation de ces services sont m\u00e9moris\u00e9es dans un cookie nomm\u00e9 \u00ab\u00a0tarteaucitron\u00a0\u00bb. En supprimant ce cookie, vous perdrez vos pr\u00e9f\u00e9rences.<\/p>\n<p>Les services susceptibles de collecter des informations personnelles sont les suivants :<\/p>\n<ul>\n<li><strong>Formulaire de contact et formulaire de commande<\/strong>\u00a0: les informations recueillies par ces formulaires sont enregistr\u00e9es dans un fichier informatis\u00e9 destin\u00e9 exclusivement \u00e0 LEADMUSIC SA et dans le but de r\u00e9pondre \u00e0 votre demande. Elles sont ensuite supprim\u00e9es automatiquement apr\u00e8s 2 mois.<\/li>\n<li><strong>Youtube<\/strong>\u00a0: ce service permet l\u2019affichage de vid\u00e9os informatives sur le site. Il est susceptible de r\u00e9colter des donn\u00e9es personnelles (informations sur l\u2019appareil que vous utilisez, localisation g\u00e9ographique, adresse IP, \u2026) et de les associer \u00e0 d\u2019autres informations collect\u00e9es par ailleurs, par exemple votre compte Google. En savoir plus :\u00a0<a href=\"https:\/\/policies.google.com\/privacy?hl=fr&amp;gl=fr\" target=\"_blank\" rel=\"noopener\">https:\/\/policies.google.com\/privacy?hl=fr&amp;gl=fr<\/a>.<\/li>\n<li><strong>Google Analytics<\/strong>\u00a0: ce service n\u2019est pas n\u00e9cessaire au bon fonctionnement du site. Il permet de g\u00e9n\u00e9rer des statistiques de fr\u00e9quentation utiles \u00e0 l\u2019am\u00e9lioration du site. Il est susceptible de collecter les m\u00eames donn\u00e9es personnelles que le service Youtube. Les donn\u00e9es personnelles collect\u00e9es sont conserv\u00e9es 13 mois apr\u00e8s votre derni\u00e8re visite. En savoir plus :\u00a0<a href=\"https:\/\/support.google.com\/analytics\/answer\/6004245?hl=fr\" target=\"_blank\" rel=\"noopener\">https:\/\/support.google.com\/analytics\/answer\/6004245?hl=fr<\/a><\/li>\n<\/ul>\n<p>&nbsp;<\/p>\n<ul class=\"space-between-items\">\n<li><strong>Google Maps<\/strong>\u00a0: ce service\u00a0permet d\u2019afficher des cartes g\u00e9ographiques interactives sur certaines pages du site. Si vous d\u00e9sactivez ce service, les cartes seront masqu\u00e9es.\u00a0Il est susceptible de collecter les m\u00eames donn\u00e9es personnelles que le service Youtube.<\/li>\n<\/ul>\n<p>&nbsp;<\/p>\n<h2>3. H\u00e9bergement<\/h2>\n<p>Le site internet leadmusic.com est h\u00e9berg\u00e9 en Suisse, sur un serveur mutualis\u00e9 g\u00e9r\u00e9 par <a href=\"https:\/\/www.infomaniak.com\/fr\/entreprise\" target=\"_blank\" rel=\"noopener\">Infomaniak<\/a>.<\/p>\n","protected":false},"excerpt":{"rendered":"<p>Mentions l\u00e9gales 1. Propri\u00e9t\u00e9 Le site internet leadmusic.com est \u00e9dit\u00e9 par la soci\u00e9t\u00e9 LEADMUSIC SA &#8211; Rue Albert-Richard 2 \u2013 1201 Gen\u00e8ve \u2013 Suisse. Responsable de la publication Olivier ULDRY T\u00e9l.: +41 22 731 62 72 Email:\u00a0infos@leadmusic.com &nbsp; 2. Protection de la vie priv\u00e9e \/ Gestion des cookies informatiques Conform\u00e9ment \u00e0 la\u00a0r\u00e9glementation europ\u00e9enne sur la [&hellip;]<\/p>\n","protected":false},"author":1,"featured_media":0,"parent":0,"menu_order":0,"comment_status":"closed","ping_status":"closed","template":"","meta":[],"_links":{"self":[{"href":"https:\/\/leadmusic.com\/fr\/wp-json\/wp\/v2\/pages\/24638"}],"collection":[{"href":"https:\/\/leadmusic.com\/fr\/wp-json\/wp\/v2\/pages"}],"about":[{"href":"https:\/\/leadmusic.com\/fr\/wp-json\/wp\/v2\/types\/page"}],"author":[{"embeddable":true,"href":"https:\/\/leadmusic.com\/fr\/wp-json\/wp\/v2\/users\/1"}],"replies":[{"embeddable":true,"href":"https:\/\/leadmusic.com\/fr\/wp-json\/wp\/v2\/comments?post=24638"}],"version-history":[{"count":13,"href":"https:\/\/leadmusic.com\/fr\/wp-json\/wp\/v2\/pages\/24638\/revisions"}],"predecessor-version":[{"id":26444,"href":"https:\/\/leadmusic.com\/fr\/wp-json\/wp\/v2\/pages\/24638\/revisions\/26444"}],"wp:attachment":[{"href":"https:\/\/leadmusic.com\/fr\/wp-json\/wp\/v2\/media?parent=24638"}],"curies":[{"name":"wp","href":"https:\/\/api.w.org\/{rel}","templated":true}]}}