{"id":10793,"date":"2017-09-04T08:50:41","date_gmt":"2017-09-04T06:50:41","guid":{"rendered":"https:\/\/leadmusic.com\/?page_id=10793\/"},"modified":"2026-03-30T20:24:19","modified_gmt":"2026-03-30T18:24:19","slug":"leadmusic-magasin-instruments-de-musique-guitares-basses-pedales-effets-et-accessoires-a-geneve","status":"publish","type":"page","link":"https:\/\/leadmusic.com\/fr\/","title":{"rendered":"Leadmusic Magasin instruments de musique, guitares, basses, p\u00e9dales, effets et accessoires \u00e0 Gen\u00e8ve"},"content":{"rendered":"<p><img loading=\"lazy\" class=\"alignnone size-medium wp-image-27383\" src=\"https:\/\/leadmusic.com\/wp-content\/uploads\/2020\/01\/Capture-d\u2019e\u0301cran-2020-01-27-a\u0300-11.23.18-400x337.png\" alt=\"\" width=\"400\" height=\"337\" srcset=\"https:\/\/leadmusic.com\/wp-content\/uploads\/2020\/01\/Capture-d\u2019e\u0301cran-2020-01-27-a\u0300-11.23.18-400x337.png 400w, https:\/\/leadmusic.com\/wp-content\/uploads\/2020\/01\/Capture-d\u2019e\u0301cran-2020-01-27-a\u0300-11.23.18-120x101.png 120w, https:\/\/leadmusic.com\/wp-content\/uploads\/2020\/01\/Capture-d\u2019e\u0301cran-2020-01-27-a\u0300-11.23.18-768x648.png 768w, https:\/\/leadmusic.com\/wp-content\/uploads\/2020\/01\/Capture-d\u2019e\u0301cran-2020-01-27-a\u0300-11.23.18-1517x1280.png 1517w, https:\/\/leadmusic.com\/wp-content\/uploads\/2020\/01\/Capture-d\u2019e\u0301cran-2020-01-27-a\u0300-11.23.18-212x179.png 212w\" sizes=\"(max-width: 400px) 100vw, 400px\" \/><\/p>\n","protected":false},"excerpt":{"rendered":"","protected":false},"author":1,"featured_media":0,"parent":0,"menu_order":0,"comment_status":"closed","ping_status":"closed","template":"","meta":[],"_links":{"self":[{"href":"https:\/\/leadmusic.com\/fr\/wp-json\/wp\/v2\/pages\/10793"}],"collection":[{"href":"https:\/\/leadmusic.com\/fr\/wp-json\/wp\/v2\/pages"}],"about":[{"href":"https:\/\/leadmusic.com\/fr\/wp-json\/wp\/v2\/types\/page"}],"author":[{"embeddable":true,"href":"https:\/\/leadmusic.com\/fr\/wp-json\/wp\/v2\/users\/1"}],"replies":[{"embeddable":true,"href":"https:\/\/leadmusic.com\/fr\/wp-json\/wp\/v2\/comments?post=10793"}],"version-history":[{"count":66,"href":"https:\/\/leadmusic.com\/fr\/wp-json\/wp\/v2\/pages\/10793\/revisions"}],"predecessor-version":[{"id":40995,"href":"https:\/\/leadmusic.com\/fr\/wp-json\/wp\/v2\/pages\/10793\/revisions\/40995"}],"wp:attachment":[{"href":"https:\/\/leadmusic.com\/fr\/wp-json\/wp\/v2\/media?parent=10793"}],"curies":[{"name":"wp","href":"https:\/\/api.w.org\/{rel}","templated":true}]}}