{"id":24642,"date":"2018-05-21T14:52:33","date_gmt":"2018-05-21T12:52:33","guid":{"rendered":"https:\/\/leadmusic.com\/?page_id=24642"},"modified":"2019-07-06T15:31:00","modified_gmt":"2019-07-06T13:31:00","slug":"rechtliche-informationen","status":"publish","type":"page","link":"https:\/\/leadmusic.com\/de\/rechtliche-informationen\/","title":{"rendered":"Rechtliche Informationen"},"content":{"rendered":"<h1>Rechtliche Informationen<\/h1>\n<h2>1. Eigentum<\/h2>\n<p>Diese leadmusic.com website ist eine Eigentum von LEADMUSIC SA &#8211; Rue Albert-Richard 2 \u2013 1201 Gen\u00e8ve \u2013 Suisse.<\/p>\n<p><span style=\"text-decoration: underline;\">Verantwortlicher Herausgeber:<\/span><br \/>\nOlivier ULDRY<br \/>\nT\u00e9l.: +41 22 731 62 72<br \/>\nEmail:\u00a0<a href=\"mailto:infos@leadmusic.com\">infos@leadmusic.com<\/a><\/p>\n<p>&nbsp;<\/p>\n<h2>2. Datenschutz und Verwendung von Cookies<\/h2>\n<p>Im Einklang mit den Europ\u00e4ischen Datenschutzbestimmungen :<\/p>\n<ul class=\"space-between-items\">\n<li>Beim Besuch leadmusic.com werden die aktuell von Ihrem PC verwendete IP-Adresse, Datum und Uhrzeit, der Browsertyp und das Betriebssystem Ihres PC sowie die von Ihnen betrachteten Seiten protokolliert. F\u00fcr dieses ben\u00f6tigen wir jedoch Ihr Einverst\u00e4ndnis.<\/li>\n<li>Ihre Einwilligung zu der hier genannten Nutzung Ihrer Daten k\u00f6nnen Sie jederzeit mit Wirkung f\u00fcr die Zukunft widerrufen.<\/li>\n<\/ul>\n<p>Beim Besuch unserer Website werden die aktuell von Ihrem PC verwendete IP-Adresse, Datum und Uhrzeit, der Browsertyp und das Betriebssystem Ihres Computer sowie die von Ihnen betrachteten Seiten protokolliert. Die Erhebung und Speicherung erfolgt ausschlie\u00dflich in anonymisierter oder pseudonymisierter Form und l\u00e4sst keinen R\u00fcckschluss auf Sie als nat\u00fcrlich Person zu. Lors de votre premi\u00e8re visite sur ce site, un bandeau en bas de votre navigateur internet vous permet d\u2019autoriser ou refuser chaque service susceptible de d\u00e9poser des cookies informatiques et \/ ou de collecter des donn\u00e9es personnelles. En continuant votre navigation, vous acceptez l\u2019ensemble de ces services. Sie k\u00f6nnen ihre Preferenz und Daten jederzeit \u00e4ndern, auf dem Schaltfl\u00e4che klickend &#8220; Cookies und Datenschutz&#8220; in der geraden(rechten) niedrigeren Ecke Ihres Bildschirmes. Sie k\u00f6nnen ebenfalls sichtbar machen und jeden abgestellten cookie beseitigen, auf dem numerischen Wert rechts von diesem Schaltfl\u00e4che klickend.<\/p>\n<p>Die personenbezogenen Daten, die Sie uns z. B. bei einer Bestellung oder per E-Mail mitteilen (z. B. Ihr Name und Ihre Kontaktdaten), sind unter dem gerufenen \u00ab\u00a0tarteaucitron\u00a0\u00bb cookie aufgenommen.<\/p>\n<p>Die erzeugten Informationen \u00fcber Ihre Benutzung unserer Website sind zum Beispiel von benutzt:<\/p>\n<ul class=\"space-between-items\">\n<li><strong>Auf Anfrage \/\u00a0Spezialbestellung \/ Spezialanfrage\u00a0<\/strong> : Die personenbezogenen Daten, die Sie uns z. B. bei einer Bestellung oder per E-Mail mitteilen werden nur zur Korrespondenz mit Ihnen und nur f\u00fcr den Zweck verarbeitet, zu dem Sie uns die Daten zur Verf\u00fcgung gestellt haben. Wir zerst\u00f6ren diese Informationen nach 2 Monaten<\/li>\n<li><strong>Youtube<\/strong>\u00a0: Unsere Website nutzt Plugins der von Google betriebenen Seite YouTube. Wenn Sie eine unserer mit einem YouTube-Plugin ausgestatteten Seiten besuchen, wird eine Verbindung zu den Servern von YouTube hergestellt. Dabei wird dem YouTube-Server mitgeteilt, welche unserer Seiten Sie besucht haben :\u00a0<a href=\"https:\/\/policies.google.com\/privacy?hl=fr&amp;gl=fr\" target=\"_blank\" rel=\"noopener\">https:\/\/policies.google.com\/privacy?hl=fr&amp;gl=fr<\/a>.<\/li>\n<li><strong>Google Analytics<\/strong>\u00a0: Diese Website benutzt Google Analytics, einen Webanalysedienst der Google Inc. Google Analytics verwendet Methoden, die eine Analyse der Benutzung der Website durch Sie erm\u00f6glichen, wie zum Beispiel sog. \u201eCookies\u201c, Textdateien, die auf Ihrem Computer gespeichert werden. Die erzeugten Informationen \u00fcber Ihre Benutzung dieser Website werden in der Regel an einen Server von Google in den USA \u00fcbertragen und dort gespeichert \/ und nach 13 Monaten zerst\u00f6rt :\u00a0<a href=\"https:\/\/support.google.com\/analytics\/answer\/6004245?hl=fr\" target=\"_blank\" rel=\"noopener\">https:\/\/support.google.com\/analytics\/answer\/6004245?hl=fr<br \/>\n<\/a><\/li>\n<li><strong>Google Maps<\/strong>\u00a0: Diese Seite nutzt \u00fcber eine API den Kartendienst Google Maps. Zur Nutzung der Funktionen von Google Maps ist es notwendig, Ihre IP Adresse zu speichern. Diese Informationen werden in der Regel an einen Server von Google in den USA \u00fcbertragen und dort gespeichert. Der Anbieter dieser Seite hat keinen Einfluss auf diese Daten\u00fcbertragung.<\/li>\n<\/ul>\n<p>&nbsp;<\/p>\n<h2>3. Hosting<\/h2>\n<p>Unsere leadmusic.com Internet-Seite ist in der Schweiz von <a href=\"https:\/\/www.infomaniak.com\/fr\/entreprise\" target=\"_blank\" rel=\"noopener\">Infomaniak<\/a>. beherbergt<\/p>\n","protected":false},"excerpt":{"rendered":"<p>Rechtliche Informationen 1. Eigentum Diese leadmusic.com website ist eine Eigentum von LEADMUSIC SA &#8211; Rue Albert-Richard 2 \u2013 1201 Gen\u00e8ve \u2013 Suisse. Verantwortlicher Herausgeber: Olivier ULDRY T\u00e9l.: +41 22 731 62 72 Email:\u00a0infos@leadmusic.com &nbsp; 2. Datenschutz und Verwendung von Cookies Im Einklang mit den Europ\u00e4ischen Datenschutzbestimmungen : Beim Besuch leadmusic.com werden die aktuell von Ihrem [&hellip;]<\/p>\n","protected":false},"author":1,"featured_media":0,"parent":0,"menu_order":0,"comment_status":"closed","ping_status":"closed","template":"","meta":[],"_links":{"self":[{"href":"https:\/\/leadmusic.com\/de\/wp-json\/wp\/v2\/pages\/24642"}],"collection":[{"href":"https:\/\/leadmusic.com\/de\/wp-json\/wp\/v2\/pages"}],"about":[{"href":"https:\/\/leadmusic.com\/de\/wp-json\/wp\/v2\/types\/page"}],"author":[{"embeddable":true,"href":"https:\/\/leadmusic.com\/de\/wp-json\/wp\/v2\/users\/1"}],"replies":[{"embeddable":true,"href":"https:\/\/leadmusic.com\/de\/wp-json\/wp\/v2\/comments?post=24642"}],"version-history":[{"count":8,"href":"https:\/\/leadmusic.com\/de\/wp-json\/wp\/v2\/pages\/24642\/revisions"}],"predecessor-version":[{"id":26446,"href":"https:\/\/leadmusic.com\/de\/wp-json\/wp\/v2\/pages\/24642\/revisions\/26446"}],"wp:attachment":[{"href":"https:\/\/leadmusic.com\/de\/wp-json\/wp\/v2\/media?parent=24642"}],"curies":[{"name":"wp","href":"https:\/\/api.w.org\/{rel}","templated":true}]}}