{"id":10776,"date":"2017-07-07T09:57:06","date_gmt":"2017-07-07T07:57:06","guid":{"rendered":"https:\/\/leadmusic.com\/?page_id=10776\/"},"modified":"2017-07-07T10:01:32","modified_gmt":"2017-07-07T08:01:32","slug":"ueber-uns","status":"publish","type":"page","link":"https:\/\/leadmusic.com\/de\/ueber-uns\/","title":{"rendered":"\u00dcber uns"},"content":{"rendered":"<h1>\u00dcber Uns<\/h1>\n<p>LEADMUSIC\u00a0ist die Vortsetzung von den vielen Jahren die ich im Milieu der Musik verbracht habe, vor allem aber auch als Verantwortlicher in einem Gesch\u00e4ft f\u00fcr Musikinstrumente. Da ich und meine Kollegen sehr seri\u00f6s und professionell sind, werden sich Ihre Ansuchen nicht in verschiedenen Dienstleistungen verlieren.<\/p>\n<p>Diese Website ist ein Schaufenster der Produkte die Sie in dem Gesch\u00e4ft\u00a0LEADMUSIC\u00a0in Genf finden k\u00f6nnen, jedoch kann es nicht \u00fcber die enorme vielfalt der Instrumente und Accessoires berrichten, die es auf den Markt gibt, die Sie aber leicht durch uns finden k\u00f6nnen.<\/p>\n<p>LEADMUSIC\u00a0konzentriert sich jedoch auf hoch qualitative Marken. Diese Customs und die \u201cBoutique\u201c Marken haben ein viel besseres Qualit\u00e4t\/Preis Verh\u00e4ltnis. Da sie auf Bestellung gebaut sind und Ihre Produkte keine Lagerungkosten verursachen, riskieren Sie nicht ein Model des Vohrjahres geliefert zu bekommen und falls der Ersteller Modifikationen oder Verbesserungen an seinen Produkten vornimmt profitieren Sie sofort davon.<\/p>\n<p>LEADMUSIC\u00a0ist vor allem ein Raum f\u00fcr angenehme und herzliche Begegnungen und Diskussionen mit einem Begeisterten. Noch bekommt man kein Bier serviert aber auch das wird bald kommen\u2026<\/p>\n<p>Jetzt sind Sie dran !<\/p>\n<p>Olivier Uldry<\/p>\n<p>&nbsp;<\/p>\n<p><div class=\"tac_rlx_googlemap\" data-width=100% data-height=500 data-src=https:\/\/www.google.com\/maps\/embed?pb=!1m18!1m12!1m3!1d2761.1769172346944!2d6.137011415582487!3d46.206935479116744!2m3!1f0!2f0!3f0!3m2!1i1024!2i768!4f13.1!3m3!1m2!1s0x478c64d79b5641a1%3A0x5b43c8770a9170e8!2sLeadmusic!5e0!3m2!1sfr!2sfr!4v1499414277263><\/div><\/p>\n","protected":false},"excerpt":{"rendered":"<p>\u00dcber Uns LEADMUSIC\u00a0ist die Vortsetzung von den vielen Jahren die ich im Milieu der Musik verbracht habe, vor allem aber auch als Verantwortlicher in einem Gesch\u00e4ft f\u00fcr Musikinstrumente. Da ich und meine Kollegen sehr seri\u00f6s und professionell sind, werden sich Ihre Ansuchen nicht in verschiedenen Dienstleistungen verlieren. Diese Website ist ein Schaufenster der Produkte die [&hellip;]<\/p>\n","protected":false},"author":1,"featured_media":0,"parent":0,"menu_order":0,"comment_status":"closed","ping_status":"closed","template":"","meta":[],"_links":{"self":[{"href":"https:\/\/leadmusic.com\/de\/wp-json\/wp\/v2\/pages\/10776"}],"collection":[{"href":"https:\/\/leadmusic.com\/de\/wp-json\/wp\/v2\/pages"}],"about":[{"href":"https:\/\/leadmusic.com\/de\/wp-json\/wp\/v2\/types\/page"}],"author":[{"embeddable":true,"href":"https:\/\/leadmusic.com\/de\/wp-json\/wp\/v2\/users\/1"}],"replies":[{"embeddable":true,"href":"https:\/\/leadmusic.com\/de\/wp-json\/wp\/v2\/comments?post=10776"}],"version-history":[{"count":2,"href":"https:\/\/leadmusic.com\/de\/wp-json\/wp\/v2\/pages\/10776\/revisions"}],"predecessor-version":[{"id":10778,"href":"https:\/\/leadmusic.com\/de\/wp-json\/wp\/v2\/pages\/10776\/revisions\/10778"}],"wp:attachment":[{"href":"https:\/\/leadmusic.com\/de\/wp-json\/wp\/v2\/media?parent=10776"}],"curies":[{"name":"wp","href":"https:\/\/api.w.org\/{rel}","templated":true}]}}