{"id":10758,"date":"2017-07-07T09:34:07","date_gmt":"2017-07-07T07:34:07","guid":{"rendered":"https:\/\/leadmusic.com\/?page_id=10758\/"},"modified":"2026-02-08T11:37:32","modified_gmt":"2026-02-08T10:37:32","slug":"allgemeine-geschaeftsbedingungen","status":"publish","type":"page","link":"https:\/\/leadmusic.com\/de\/allgemeine-geschaeftsbedingungen\/","title":{"rendered":"Allgemeine Gesch\u00e4ftsbedingungen"},"content":{"rendered":"<h1>Allgemeine Gesch\u00e4ftsbedingungen<\/h1>\n<div class=\"wysiwyg\">\n<p><strong>Jede Lieferung basiert ausschliesslich auf diesen Bestimmungen. Der Kunde erkl\u00e4rt sich mit diesen Bestimmungen einverstanden, indem er die ihm zugestellte Auftragsbest\u00e4tigung, bei Einkauf im Laden die Rechnung unterzeichnet oder den entsprechenden Knopf auf der Internet Site anklickt.\u00a0<\/strong><\/p>\n<p>Bei einer Bestellung ohne vorherige Auftragsbest\u00e4tigung (wie beispielsweise bei Abholung im Laden, Postversand, etc.), liegt es in der alleinigen Verantwortung des Kunden sich vorrangig \u00fcber die Verkaufs- und Garantiebestimmungen zu informieren.<br \/>\nUnsere Preise verstehen sich in Schweizer Franken und Euros inklusive MwSt. Wir liefern in die gesamte Schweiz, und ins Ausland .<\/p>\n<p>Die Angabe einer Lieferfrist hat informativen Charakter und h\u00e4ngt von den Zulieferern von Leadmusic ab. Sollte die Lieferung nicht innert der angegebenen Frist erfolgt sein, liegt es am Kunden eine neue, den Umst\u00e4nden angemessene Lieferfrist zu fordern. Dies hat schriftlich zu erfolgen.<\/p>\n<p>Alle technischen Informationen, Fotos und Links sind ausschliesslich informativen Wertes. Die gelieferten Produkte k\u00f6nnen andere technische Spezifikationen oder einen anderen Packungsinhalt aufweisen, als auf der Site des Herstellers angegeben.<\/p>\n<p><em><strong>Zahlungsm\u00f6glichkeiten in unserem Laden\u00a0: Cash<\/strong><\/em><\/p>\n<p><em><strong>Zahlungsm\u00f6glichkeiten per Versand:\u00a0Per Vorauszahlung ( Bank &amp; CCP )oder gegen Nachnahme.\u00a0<\/strong><\/em><\/p>\n<p>Die Versandkosten, allf\u00e4llige Nachnahmegeb\u00fchren sowie Versicherung gehen zulasten des Kunden.<\/p>\n<p>Die M\u00f6glichkeit einer Lieferung gegen Rechnung wird nur bei grossen Firmen, Universit\u00e4ten oder Institutionen \u00fcberpr\u00fcft. Ein diesbez\u00fcglicher Antrag ist im voraus bei unserer Buchhaltung einzureichen.<\/p>\n<p>Leadmusic beh\u00e4hlt sich das Recht vor, eine Lieferung gegen Rechnung ohne Angabe von Gr\u00fcnden abzulehnen. S\u00e4mtliche Waren bleiben bis zur vollst\u00e4ndigen Bezahlung Eigentum von Leadmusic.<\/p>\n<p>Leadmusic beh\u00e4lt sich das Recht vor, eine Anzahlung zu verlangen. Sollte die Ware von Seiten des Kunden nicht \u00fcbernommen werden oder die Bestellung annuliert werden, verbleibt die Anzahlung in Besitz von Leadmusic.<\/p>\n<p>Die Annulation einer Bestellung muss per eingeschriebenem Brief erfolgen. Der Kunde tr\u00e4gt die Annulationskosten, welche bis zu 20 % des Bestellwertes betragen k\u00f6nnen. Die Ablehnung eines Nachnahmepaketes kommt einer Annulation gleich und zieht ebenfalls o.e. Annulationskosten nach sich.<\/p>\n<p>Ein allf\u00e4lliger Transportschaden ist innert einer Frist von 2 Tagen beim Transporteur zu melden (Post oder privater Transporteur). Es liegt in der Verantwortung des Kunden, die Ware bei Erhalt und vor der Benutzung zu kontrollieren.<\/p>\n<p>Eine R\u00fcckgabe ist ausschliesslich 2 Tage (Kalendertage) nach einkauf der Ware beim Leadmusic Im Genf und nur zahlbar bezahlt m\u00f6glich. Beim online Verkauf ist eine R\u00fcckgabe nicht m\u00f6glich.<\/p>\n<p>Leadmusic gew\u00e4hrt auf seine Produkte w\u00e4hrend zwei Jahr ab dem Kaufdatum Garantie f\u00fcr Fabrikationsm\u00e4ngel.<\/p>\n<p>Der Kunde hat keinerlei M\u00f6glichkeit eine Reparatur durch eine Drittfirma auf Kosten von leadmusic durchf\u00fchren zu lassen. Nur mit FG Electronic im Posieux kann man das machen.<\/p>\n<p>Leadmusic tr\u00e4gt keine Verantwortung f\u00fcr Datenverluste, indirekte Kosten wie Anfahrtskosten, Portokosten, Gewinneinbussen sowie jegliche Kosten, welche durch den Ausfall des Produktes oder Ger\u00e4tes entstehen.<\/p>\n<p>Jede R\u00fccksendung per Post erfordert die vorherige Zustimmung von Leadmusic. Dazu hat der Kunde mit mir Kontakt aufzunehmen.<\/p>\n<p>S\u00e4mtliche durch die R\u00fccksendung\/ R\u00fcckgabe entstehenden Kosten fallen zu Lasten des Kunden.<\/p>\n<p>Leadmusic bem\u00fcht sich, seine Kunden zufriedenzustellen und unterst\u00fctzt Reaktionen oder Verbesserungsvorschl\u00e4ge. Schreiben verleumdnerischen, drohenden, provokativen oder n\u00f6tigenden Charakters werden ebensowenig beantwortet wie s\u00e4mtliche anderen Aussagen, welche zu einem zivil- oder strafrechtlichem Prozess f\u00fchren k\u00f6nnten.<br \/>\nDer Gerichtsstand ist in jedem Fall Genf.<\/p>\n<\/div>\n","protected":false},"excerpt":{"rendered":"<p>Allgemeine Gesch\u00e4ftsbedingungen Jede Lieferung basiert ausschliesslich auf diesen Bestimmungen. Der Kunde erkl\u00e4rt sich mit diesen Bestimmungen einverstanden, indem er die ihm zugestellte Auftragsbest\u00e4tigung, bei Einkauf im Laden die Rechnung unterzeichnet oder den entsprechenden Knopf auf der Internet Site anklickt.\u00a0 Bei einer Bestellung ohne vorherige Auftragsbest\u00e4tigung (wie beispielsweise bei Abholung im Laden, Postversand, etc.), liegt es [&hellip;]<\/p>\n","protected":false},"author":1,"featured_media":0,"parent":0,"menu_order":0,"comment_status":"closed","ping_status":"closed","template":"","meta":[],"_links":{"self":[{"href":"https:\/\/leadmusic.com\/de\/wp-json\/wp\/v2\/pages\/10758"}],"collection":[{"href":"https:\/\/leadmusic.com\/de\/wp-json\/wp\/v2\/pages"}],"about":[{"href":"https:\/\/leadmusic.com\/de\/wp-json\/wp\/v2\/types\/page"}],"author":[{"embeddable":true,"href":"https:\/\/leadmusic.com\/de\/wp-json\/wp\/v2\/users\/1"}],"replies":[{"embeddable":true,"href":"https:\/\/leadmusic.com\/de\/wp-json\/wp\/v2\/comments?post=10758"}],"version-history":[{"count":2,"href":"https:\/\/leadmusic.com\/de\/wp-json\/wp\/v2\/pages\/10758\/revisions"}],"predecessor-version":[{"id":40355,"href":"https:\/\/leadmusic.com\/de\/wp-json\/wp\/v2\/pages\/10758\/revisions\/40355"}],"wp:attachment":[{"href":"https:\/\/leadmusic.com\/de\/wp-json\/wp\/v2\/media?parent=10758"}],"curies":[{"name":"wp","href":"https:\/\/api.w.org\/{rel}","templated":true}]}}