{"id":10752,"date":"2017-07-07T09:28:58","date_gmt":"2017-07-07T07:28:58","guid":{"rendered":"https:\/\/leadmusic.com\/?page_id=10752\/"},"modified":"2026-02-08T11:28:43","modified_gmt":"2026-02-08T10:28:43","slug":"links","status":"publish","type":"page","link":"https:\/\/leadmusic.com\/de\/links\/","title":{"rendered":"Links"},"content":{"rendered":"<h1>Links<\/h1>\n<p><strong>Olivier Uldry<\/strong><br \/>\nHier k\u00f6nnen Sie mehr \u00fcber mich lesen, schauen und h\u00f6ren !!<br \/>\n<a class=\"externalLink\" href=\"https:\/\/www.youtube.com\/user\/olivieruldry\" target=\"_blank\" rel=\"noopener\">https:\/\/www.youtube.com\/user\/olivieruldry<\/a><\/p>\n<p><strong>Instagram<\/strong><br \/>\n<span class=\"HwtZe\" lang=\"de\"><span class=\"jCAhz ChMk0b\"><span class=\"ryNqvb\">Ah, das ist der einfachste Weg, die neuesten Nachrichten, Neuheiten, Instrumente und Informationen zu sehen.<\/span><\/span> <span class=\"jCAhz ChMk0b\"><span class=\"ryNqvb\">Noch mehr Infos und Musik\u2026<\/span><\/span><\/span><br \/>\n<a class=\"externalLink\" href=\"https:\/\/www.instagram.com\/leadmusic\/?hl=en\" target=\"_blank\" rel=\"noopener\">https:\/\/www.instagram.com\/leadmusic\/?hl=en<\/a><\/p>\n<p><strong>Leadmusic on Facebook<\/strong><br \/>\nOk, sie wissen was facebook ist, oder ?<br \/>\n<a class=\"externalLink\" href=\"https:\/\/www.facebook.com\/leadmusic\" target=\"_blank\" rel=\"noopener\">https:\/\/www.facebook.com\/leadmusic<\/a><\/p>\n<p><strong>The Long John Brothers<\/strong><br \/>\nMit diesen Kerlen spiele ich Dobro. Geil Bluegrass Band, viel Spass und schnelle Tempo !!<br \/>\n<a class=\"externalLink\" href=\"https:\/\/longjohnbrothers.wordpress.com\/\" target=\"_blank\" rel=\"noopener\">The Long John Brothers<\/a><\/p>\n<p><strong>Jessie and the Gents<\/strong><br \/>\nEinige der sehr besten Musikern hier. Swiss german Buegrass band. KJessie and the Gents : sie m\u00fcssen wirklich die erstaunlichen Leistungen \u00fcberpr\u00fcfen, die diese band anbieten k\u00f6nnen.<br \/>\n<a class=\"externalLink\" href=\"https:\/\/jessieandthegents.com\/\" target=\"_blank\" rel=\"noopener\">https:\/\/jessieandthegents.com\/<\/a><\/p>\n<p><strong>Hemc\u00e9 Graphisme\u00a0<\/strong><br \/>\nDer ganze graphism von Leadmusic wird von diesem erstaunlichen M\u00e4dchen, Hemc\u00e9 getan, der ein enormer S\u00e4nger auch ist&#8230;.<br \/>\n<a class=\"externalLink\" href=\"https:\/\/www.facebook.com\/RelaxInTheAir\/?pnref=about.overview\" target=\"_blank\" rel=\"noopener\">http:\/\/www.hemce.com\/<\/a><\/p>\n<p><strong>Infobahn sa<\/strong><br \/>\nDieser webiste ist so geil, na ? Der Kerl hinter dieser erstaunlichen Arbeit ist Bertrand. Ein Master der leider nicht mehr da ist&#8230;<br \/>\nhttp:\/\/www.infobahn.ch<\/p>\n<p>&nbsp;<\/p>\n","protected":false},"excerpt":{"rendered":"<p>Links Olivier Uldry Hier k\u00f6nnen Sie mehr \u00fcber mich lesen, schauen und h\u00f6ren !! https:\/\/www.youtube.com\/user\/olivieruldry Instagram Ah, das ist der einfachste Weg, die neuesten Nachrichten, Neuheiten, Instrumente und Informationen zu sehen. Noch mehr Infos und Musik\u2026 https:\/\/www.instagram.com\/leadmusic\/?hl=en Leadmusic on Facebook Ok, sie wissen was facebook ist, oder ? https:\/\/www.facebook.com\/leadmusic The Long John Brothers Mit diesen [&hellip;]<\/p>\n","protected":false},"author":1,"featured_media":0,"parent":0,"menu_order":0,"comment_status":"closed","ping_status":"closed","template":"","meta":[],"_links":{"self":[{"href":"https:\/\/leadmusic.com\/de\/wp-json\/wp\/v2\/pages\/10752"}],"collection":[{"href":"https:\/\/leadmusic.com\/de\/wp-json\/wp\/v2\/pages"}],"about":[{"href":"https:\/\/leadmusic.com\/de\/wp-json\/wp\/v2\/types\/page"}],"author":[{"embeddable":true,"href":"https:\/\/leadmusic.com\/de\/wp-json\/wp\/v2\/users\/1"}],"replies":[{"embeddable":true,"href":"https:\/\/leadmusic.com\/de\/wp-json\/wp\/v2\/comments?post=10752"}],"version-history":[{"count":5,"href":"https:\/\/leadmusic.com\/de\/wp-json\/wp\/v2\/pages\/10752\/revisions"}],"predecessor-version":[{"id":40352,"href":"https:\/\/leadmusic.com\/de\/wp-json\/wp\/v2\/pages\/10752\/revisions\/40352"}],"wp:attachment":[{"href":"https:\/\/leadmusic.com\/de\/wp-json\/wp\/v2\/media?parent=10752"}],"curies":[{"name":"wp","href":"https:\/\/api.w.org\/{rel}","templated":true}]}}